{"id":3620,"date":"2024-08-18T22:05:16","date_gmt":"2024-08-18T22:05:16","guid":{"rendered":"https:\/\/logiterra.eu\/?page_id=3620"},"modified":"2024-08-18T22:13:20","modified_gmt":"2024-08-18T22:13:20","slug":"privaatsuspoliitika","status":"publish","type":"page","link":"https:\/\/logiterra.eu\/et\/privaatsuspoliitika\/","title":{"rendered":"Privaatsuspoliitika"},"content":{"rendered":"\t\t<div data-elementor-type=\"wp-post\" data-elementor-id=\"3620\" class=\"elementor elementor-3620 elementor-685\" data-elementor-post-type=\"page\">\n\t\t\t\t\t\t<section class=\"elementor-section elementor-top-section elementor-element elementor-element-aaf379f elementor-section-height-min-height elementor-section-content-top elementor-section-boxed elementor-section-height-default elementor-section-items-middle\" data-id=\"aaf379f\" data-element_type=\"section\" data-e-type=\"section\" data-settings=\"{&quot;background_background&quot;:&quot;classic&quot;}\">\n\t\t\t\t\t\t<div class=\"elementor-container elementor-column-gap-no\">\n\t\t\t\t\t<div class=\"elementor-column elementor-col-100 elementor-top-column elementor-element elementor-element-6032611 consulation-column\" data-id=\"6032611\" data-element_type=\"column\" data-e-type=\"column\">\n\t\t\t<div class=\"elementor-widget-wrap elementor-element-populated\">\n\t\t\t\t\t\t<div class=\"elementor-element elementor-element-4c72210 elementor-widget__width-inherit elementor-widget elementor-widget-heading\" data-id=\"4c72210\" data-element_type=\"widget\" data-e-type=\"widget\" data-widget_type=\"heading.default\">\n\t\t\t\t<div class=\"elementor-widget-container\">\n\t\t\t\t\t<h2 class=\"elementor-heading-title elementor-size-default\">Privaatsuspoliitika<span class=\"dot\">.<\/span><\/h2>\t\t\t\t<\/div>\n\t\t\t\t<\/div>\n\t\t\t\t\t<\/div>\n\t\t<\/div>\n\t\t\t\t\t<\/div>\n\t\t<\/section>\n\t\t\t\t<section class=\"elementor-section elementor-top-section elementor-element elementor-element-25673f6 elementor-section-boxed elementor-section-height-default elementor-section-height-default\" data-id=\"25673f6\" data-element_type=\"section\" data-e-type=\"section\">\n\t\t\t\t\t\t<div class=\"elementor-container elementor-column-gap-default\">\n\t\t\t\t\t<div class=\"elementor-column elementor-col-100 elementor-top-column elementor-element elementor-element-1e55dca\" data-id=\"1e55dca\" data-element_type=\"column\" data-e-type=\"column\">\n\t\t\t<div class=\"elementor-widget-wrap elementor-element-populated\">\n\t\t\t\t\t\t<div class=\"elementor-element elementor-element-080b488 elementor-widget elementor-widget-heading\" data-id=\"080b488\" data-element_type=\"widget\" data-e-type=\"widget\" data-widget_type=\"heading.default\">\n\t\t\t\t<div class=\"elementor-widget-container\">\n\t\t\t\t\t<h3 class=\"elementor-heading-title elementor-size-default\">1. Sissejuhatus<\/h3>\t\t\t\t<\/div>\n\t\t\t\t<\/div>\n\t\t\t\t<div class=\"elementor-element elementor-element-f1b9b51 elementor-widget elementor-widget-text-editor\" data-id=\"f1b9b51\" data-element_type=\"widget\" data-e-type=\"widget\" data-widget_type=\"text-editor.default\">\n\t\t\t\t<div class=\"elementor-widget-container\">\n\t\t\t\t\t\t\t\t\tK\u00e4esolev privaatsuspoliitika kirjeldab, kuidas Logiterra O\u00dc kogub, kasutab, s\u00e4ilitab ja kaitseb meie klientide ja meie veebilehe ja teenuste kasutajate isikuandmeid. Me austame teie \u00f5igust eraelu puutumatusele ja oleme p\u00fchendunud teie isikuandmete kaitsmisele.\t\t\t\t\t\t\t\t<\/div>\n\t\t\t\t<\/div>\n\t\t\t\t<div class=\"elementor-element elementor-element-4db25a6 elementor-widget elementor-widget-heading\" data-id=\"4db25a6\" data-element_type=\"widget\" data-e-type=\"widget\" data-widget_type=\"heading.default\">\n\t\t\t\t<div class=\"elementor-widget-container\">\n\t\t\t\t\t<h3 class=\"elementor-heading-title elementor-size-default\">2. Teabe kogumine<\/h3>\t\t\t\t<\/div>\n\t\t\t\t<\/div>\n\t\t\t\t<div class=\"elementor-element elementor-element-0950681 elementor-widget elementor-widget-text-editor\" data-id=\"0950681\" data-element_type=\"widget\" data-e-type=\"widget\" data-widget_type=\"text-editor.default\">\n\t\t\t\t<div class=\"elementor-widget-container\">\n\t\t\t\t\t\t\t\t\t<p>Me kogume isikuandmeid, mida te meile otse edastate, sealhulgas, kuid mitte ainult:<\/p><ul><li>Ees- ja perekonnanimi<\/li><li>Kontaktandmed (telefoninumber, e-posti aadress, aadress)<\/li><li>Andmed lasti kohta (lasti liik, kaal, m\u00f5\u00f5tmed)<\/li><li>Makseteave (krediitkaardi number, pangaandmed)<\/li><li>Muu teave, mis on vajalik meie teenuste osutamiseks<br \/><br \/><\/li><\/ul><p>Me v\u00f5ime koguda teavet ka automaatselt, kui kasutate meie veebisaiti, sealhulgas:<\/p><ul><li>IP-aadress<\/li><li>Brauseri ja seadme t\u00fc\u00fcp<\/li><li>Juurdep\u00e4\u00e4suaeg ja vaadatud lehek\u00fcljed<\/li><li>K\u00fcpsised ja muud j\u00e4lgimistehnoloogiad<\/li><\/ul>\t\t\t\t\t\t\t\t<\/div>\n\t\t\t\t<\/div>\n\t\t\t\t<div class=\"elementor-element elementor-element-3a54808 elementor-widget elementor-widget-heading\" data-id=\"3a54808\" data-element_type=\"widget\" data-e-type=\"widget\" data-widget_type=\"heading.default\">\n\t\t\t\t<div class=\"elementor-widget-container\">\n\t\t\t\t\t<h3 class=\"elementor-heading-title elementor-size-default\">3. Teabe kasutamine<\/h3>\t\t\t\t<\/div>\n\t\t\t\t<\/div>\n\t\t\t\t<div class=\"elementor-element elementor-element-916eeba elementor-widget elementor-widget-text-editor\" data-id=\"916eeba\" data-element_type=\"widget\" data-e-type=\"widget\" data-widget_type=\"text-editor.default\">\n\t\t\t\t<div class=\"elementor-widget-container\">\n\t\t\t\t\t\t\t\t\t<p>Me kasutame kogutud teavet j\u00e4rgmistel eesm\u00e4rkidel:<\/p><ul><li>Meie logistikateenuste osutamine ja haldamine<\/li><li>Tellimuste t\u00f6\u00f6tlemine ja tarnete t\u00e4itmine<\/li><li>Suhtlemine klientidega, et pakkuda teavet ja tuge.<\/li><li>Meie teenuse ja veebisaidi t\u00e4iustamine<\/li><li>Turundus- ja reklaamitegevuse teostamine (teie n\u00f5usolekul).<\/li><li>Seaduste ja m\u00e4\u00e4ruste t\u00e4itmine<\/li><\/ul>\t\t\t\t\t\t\t\t<\/div>\n\t\t\t\t<\/div>\n\t\t\t\t<div class=\"elementor-element elementor-element-3ffe782 elementor-widget elementor-widget-heading\" data-id=\"3ffe782\" data-element_type=\"widget\" data-e-type=\"widget\" data-widget_type=\"heading.default\">\n\t\t\t\t<div class=\"elementor-widget-container\">\n\t\t\t\t\t<h3 class=\"elementor-heading-title elementor-size-default\">4. Teabe edastamine<\/h3>\t\t\t\t<\/div>\n\t\t\t\t<\/div>\n\t\t\t\t<div class=\"elementor-element elementor-element-f818966 elementor-widget elementor-widget-text-editor\" data-id=\"f818966\" data-element_type=\"widget\" data-e-type=\"widget\" data-widget_type=\"text-editor.default\">\n\t\t\t\t<div class=\"elementor-widget-container\">\n\t\t\t\t\t\t\t\t\t<p>Me v\u00f5ime jagada teie andmeid kolmandate isikutega j\u00e4rgmistel juhtudel:<\/p><ul><li>Tarne t\u00e4itmisega seotud partnerid ja teenusepakkujad<\/li><li>Finantsasutused maksete t\u00f6\u00f6tlemiseks<\/li><li>\u00d5iguskaitseasutused ja valitsusasutused, kui see on seadusega n\u00f5utav<\/li><li>Muud osapooled teie n\u00f5usolekul v\u00f5i teie korraldusel<\/li><\/ul>\t\t\t\t\t\t\t\t<\/div>\n\t\t\t\t<\/div>\n\t\t\t\t<div class=\"elementor-element elementor-element-0635e2d elementor-widget elementor-widget-heading\" data-id=\"0635e2d\" data-element_type=\"widget\" data-e-type=\"widget\" data-widget_type=\"heading.default\">\n\t\t\t\t<div class=\"elementor-widget-container\">\n\t\t\t\t\t<h3 class=\"elementor-heading-title elementor-size-default\">5. Teabe kaitse<\/h3>\t\t\t\t<\/div>\n\t\t\t\t<\/div>\n\t\t\t\t<div class=\"elementor-element elementor-element-dc5dbe9 elementor-widget elementor-widget-text-editor\" data-id=\"dc5dbe9\" data-element_type=\"widget\" data-e-type=\"widget\" data-widget_type=\"text-editor.default\">\n\t\t\t\t<div class=\"elementor-widget-container\">\n\t\t\t\t\t\t\t\t\tMe v\u00f5tame m\u00f5istlikke meetmeid, et kaitsta teie andmeid volitamata juurdep\u00e4\u00e4su, kasutamise v\u00f5i avalikustamise eest. See h\u00f5lmab kr\u00fcpteerimist, tulem\u00fc\u00fcride ja muude tehniliste ja organisatsiooniliste turvameetmete kasutamist.\t\t\t\t\t\t\t\t<\/div>\n\t\t\t\t<\/div>\n\t\t\t\t<div class=\"elementor-element elementor-element-b665d1c elementor-widget elementor-widget-heading\" data-id=\"b665d1c\" data-element_type=\"widget\" data-e-type=\"widget\" data-widget_type=\"heading.default\">\n\t\t\t\t<div class=\"elementor-widget-container\">\n\t\t\t\t\t<h3 class=\"elementor-heading-title elementor-size-default\">6. Teabe s\u00e4ilitamine<\/h3>\t\t\t\t<\/div>\n\t\t\t\t<\/div>\n\t\t\t\t<div class=\"elementor-element elementor-element-67a76bf elementor-widget elementor-widget-text-editor\" data-id=\"67a76bf\" data-element_type=\"widget\" data-e-type=\"widget\" data-widget_type=\"text-editor.default\">\n\t\t\t\t<div class=\"elementor-widget-container\">\n\t\t\t\t\t\t\t\t\tMe s\u00e4ilitame teie isikuandmeid ainult nii kaua, kui see on vajalik k\u00e4esolevas privaatsuspoliitikas s\u00e4testatud eesm\u00e4rkide t\u00e4itmiseks v\u00f5i kui seadus seda n\u00f5uab.\t\t\t\t\t\t\t\t<\/div>\n\t\t\t\t<\/div>\n\t\t\t\t<div class=\"elementor-element elementor-element-e04e081 elementor-widget elementor-widget-heading\" data-id=\"e04e081\" data-element_type=\"widget\" data-e-type=\"widget\" data-widget_type=\"heading.default\">\n\t\t\t\t<div class=\"elementor-widget-container\">\n\t\t\t\t\t<h3 class=\"elementor-heading-title elementor-size-default\">7. Kasutaja \u00f5igused<\/h3>\t\t\t\t<\/div>\n\t\t\t\t<\/div>\n\t\t\t\t<div class=\"elementor-element elementor-element-78d9b20 elementor-widget elementor-widget-text-editor\" data-id=\"78d9b20\" data-element_type=\"widget\" data-e-type=\"widget\" data-widget_type=\"text-editor.default\">\n\t\t\t\t<div class=\"elementor-widget-container\">\n\t\t\t\t\t\t\t\t\tTeil on \u00f5igus oma isikuandmetega tutvuda, neid parandada, ajakohastada v\u00f5i kustutada. \u0412\u044b \u0442\u0430\u043a\u0436\u0435 \u043c\u043e\u0436\u0435\u0442\u0435 \u043e\u0442\u043e\u0437\u0432\u0430\u0442\u044c \u0441\u0432\u043e\u0451 \u0441\u043e\u0433\u043b\u0430\u0441\u0438\u0435 \u043d\u0430 \u043e\u0431\u0440\u0430\u0431\u043e\u0442\u043a\u0443 \u0434\u0430\u043d\u043d\u044b\u0445 \u0432 \u043b\u044e\u0431\u043e\u0435 \u0432\u0440\u0435\u043c\u044f. \u0414\u043b\u044f \u044d\u0442\u043e\u0433\u043e \u0441\u0432\u044f\u0436\u0438\u0442\u0435\u0441\u044c \u0441 \u043d\u0430\u043c\u0438 \u043f\u043e \u043a\u043e\u043d\u0442\u0430\u043a\u0442\u043d\u044b\u043c \u0434\u0430\u043d\u043d\u044b\u043c, \u0443\u043a\u0430\u0437\u0430\u043d\u043d\u044b\u043c \u043d\u0438\u0436\u0435.\t\t\t\t\t\t\t\t<\/div>\n\t\t\t\t<\/div>\n\t\t\t\t<div class=\"elementor-element elementor-element-cbd24f1 elementor-widget elementor-widget-heading\" data-id=\"cbd24f1\" data-element_type=\"widget\" data-e-type=\"widget\" data-widget_type=\"heading.default\">\n\t\t\t\t<div class=\"elementor-widget-container\">\n\t\t\t\t\t<h3 class=\"elementor-heading-title elementor-size-default\">8. K\u00fcpsiste kasutamine<\/h3>\t\t\t\t<\/div>\n\t\t\t\t<\/div>\n\t\t\t\t<div class=\"elementor-element elementor-element-3f55427 elementor-widget elementor-widget-text-editor\" data-id=\"3f55427\" data-element_type=\"widget\" data-e-type=\"widget\" data-widget_type=\"text-editor.default\">\n\t\t\t\t<div class=\"elementor-widget-container\">\n\t\t\t\t\t\t\t\t\tMe kasutame k\u00fcpsiseid ja sarnaseid tehnoloogiaid, et parandada meie veebisaidi funktsionaalsust ja anal\u00fc\u00fcsida selle kasutamist. K\u00fcpsiseid saate hallata oma brauseri seadete kaudu.\t\t\t\t\t\t\t\t<\/div>\n\t\t\t\t<\/div>\n\t\t\t\t<div class=\"elementor-element elementor-element-55f134e elementor-widget elementor-widget-heading\" data-id=\"55f134e\" data-element_type=\"widget\" data-e-type=\"widget\" data-widget_type=\"heading.default\">\n\t\t\t\t<div class=\"elementor-widget-container\">\n\t\t\t\t\t<h3 class=\"elementor-heading-title elementor-size-default\">9. Muudatused privaatsuspoliitikas<\/h3>\t\t\t\t<\/div>\n\t\t\t\t<\/div>\n\t\t\t\t<div class=\"elementor-element elementor-element-4344506 elementor-widget elementor-widget-text-editor\" data-id=\"4344506\" data-element_type=\"widget\" data-e-type=\"widget\" data-widget_type=\"text-editor.default\">\n\t\t\t\t<div class=\"elementor-widget-container\">\n\t\t\t\t\t\t\t\t\tMe v\u00f5ime seda privaatsuspoliitikat aeg-ajalt ajakohastada. K\u00f5ik muudatused avaldatakse sellel lehel ja soovitame teil seda regulaarselt uuenduste osas kontrollida.\t\t\t\t\t\t\t\t<\/div>\n\t\t\t\t<\/div>\n\t\t\t\t<div class=\"elementor-element elementor-element-a7cae31 elementor-widget elementor-widget-heading\" data-id=\"a7cae31\" data-element_type=\"widget\" data-e-type=\"widget\" data-widget_type=\"heading.default\">\n\t\t\t\t<div class=\"elementor-widget-container\">\n\t\t\t\t\t<h3 class=\"elementor-heading-title elementor-size-default\">10. Kontaktandmed<\/h3>\t\t\t\t<\/div>\n\t\t\t\t<\/div>\n\t\t\t\t<div class=\"elementor-element elementor-element-f179c19 elementor-widget elementor-widget-text-editor\" data-id=\"f179c19\" data-element_type=\"widget\" data-e-type=\"widget\" data-widget_type=\"text-editor.default\">\n\t\t\t\t<div class=\"elementor-widget-container\">\n\t\t\t\t\t\t\t\t\t<p>Kui teil on k\u00fcsimusi v\u00f5i m\u00e4rkusi k\u00e4esoleva privaatsuspoliitika kohta, v\u00f5tke meiega \u00fchendust:<\/p><p>Logiterra O\u00dc<br \/>Aadress: Peterburi tee 46, 11415, Tallinn, Eesti<br \/>Tel: +372 5340 4105<br \/>E-post: info@logiterra.eu<\/p>\t\t\t\t\t\t\t\t<\/div>\n\t\t\t\t<\/div>\n\t\t\t\t\t<\/div>\n\t\t<\/div>\n\t\t\t\t\t<\/div>\n\t\t<\/section>\n\t\t\t\t<\/div>\n\t\t","protected":false},"excerpt":{"rendered":"<p>Privaatsuspoliitika. 1. Sissejuhatus K\u00e4esolev privaatsuspoliitika kirjeldab, kuidas Logiterra O\u00dc kogub, kasutab, s\u00e4ilitab ja kaitseb meie klientide ja meie veebilehe ja teenuste kasutajate isikuandmeid. Me austame teie \u00f5igust eraelu puutumatusele ja oleme p\u00fchendunud teie isikuandmete kaitsmisele. 2. Teabe kogumine Me kogume isikuandmeid, mida te meile otse edastate, sealhulgas, kuid mitte ainult: Ees- ja perekonnanimi Kontaktandmed (telefoninumber, [&hellip;]<\/p>\n","protected":false},"author":2,"featured_media":0,"parent":0,"menu_order":0,"comment_status":"closed","ping_status":"closed","template":"","meta":{"footnotes":""},"class_list":["post-3620","page","type-page","status-publish","hentry"],"_links":{"self":[{"href":"https:\/\/logiterra.eu\/et\/wp-json\/wp\/v2\/pages\/3620","targetHints":{"allow":["GET"]}}],"collection":[{"href":"https:\/\/logiterra.eu\/et\/wp-json\/wp\/v2\/pages"}],"about":[{"href":"https:\/\/logiterra.eu\/et\/wp-json\/wp\/v2\/types\/page"}],"author":[{"embeddable":true,"href":"https:\/\/logiterra.eu\/et\/wp-json\/wp\/v2\/users\/2"}],"replies":[{"embeddable":true,"href":"https:\/\/logiterra.eu\/et\/wp-json\/wp\/v2\/comments?post=3620"}],"version-history":[{"count":4,"href":"https:\/\/logiterra.eu\/et\/wp-json\/wp\/v2\/pages\/3620\/revisions"}],"predecessor-version":[{"id":3625,"href":"https:\/\/logiterra.eu\/et\/wp-json\/wp\/v2\/pages\/3620\/revisions\/3625"}],"wp:attachment":[{"href":"https:\/\/logiterra.eu\/et\/wp-json\/wp\/v2\/media?parent=3620"}],"curies":[{"name":"wp","href":"https:\/\/api.w.org\/{rel}","templated":true}]}}