{"id":3626,"date":"2024-08-18T22:13:54","date_gmt":"2024-08-18T22:13:54","guid":{"rendered":"https:\/\/logiterra.eu\/?page_id=3626"},"modified":"2024-08-18T22:17:56","modified_gmt":"2024-08-18T22:17:56","slug":"kupsised","status":"publish","type":"page","link":"https:\/\/logiterra.eu\/et\/kupsised\/","title":{"rendered":"K\u00fcpsised"},"content":{"rendered":"\t\t<div data-elementor-type=\"wp-post\" data-elementor-id=\"3626\" class=\"elementor elementor-3626 elementor-2435\" data-elementor-post-type=\"page\">\n\t\t\t\t\t\t<section class=\"elementor-section elementor-top-section elementor-element elementor-element-708bfd3 elementor-section-height-min-height elementor-section-content-top elementor-section-boxed elementor-section-height-default elementor-section-items-middle\" data-id=\"708bfd3\" data-element_type=\"section\" data-e-type=\"section\" data-settings=\"{&quot;background_background&quot;:&quot;classic&quot;}\">\n\t\t\t\t\t\t<div class=\"elementor-container elementor-column-gap-no\">\n\t\t\t\t\t<div class=\"elementor-column elementor-col-100 elementor-top-column elementor-element elementor-element-27d1562 consulation-column\" data-id=\"27d1562\" data-element_type=\"column\" data-e-type=\"column\">\n\t\t\t<div class=\"elementor-widget-wrap elementor-element-populated\">\n\t\t\t\t\t\t<div class=\"elementor-element elementor-element-8ba3c3b elementor-widget__width-initial elementor-widget elementor-widget-heading\" data-id=\"8ba3c3b\" data-element_type=\"widget\" data-e-type=\"widget\" data-widget_type=\"heading.default\">\n\t\t\t\t<div class=\"elementor-widget-container\">\n\t\t\t\t\t<h2 class=\"elementor-heading-title elementor-size-default\">K\u00fcpsised<span class=\"dot\">.<\/span><\/h2>\t\t\t\t<\/div>\n\t\t\t\t<\/div>\n\t\t\t\t\t<\/div>\n\t\t<\/div>\n\t\t\t\t\t<\/div>\n\t\t<\/section>\n\t\t\t\t<section class=\"elementor-section elementor-top-section elementor-element elementor-element-25673f6 elementor-section-boxed elementor-section-height-default elementor-section-height-default\" data-id=\"25673f6\" data-element_type=\"section\" data-e-type=\"section\">\n\t\t\t\t\t\t<div class=\"elementor-container elementor-column-gap-default\">\n\t\t\t\t\t<div class=\"elementor-column elementor-col-100 elementor-top-column elementor-element elementor-element-1e55dca\" data-id=\"1e55dca\" data-element_type=\"column\" data-e-type=\"column\">\n\t\t\t<div class=\"elementor-widget-wrap elementor-element-populated\">\n\t\t\t\t\t\t<div class=\"elementor-element elementor-element-f1b9b51 elementor-widget elementor-widget-text-editor\" data-id=\"f1b9b51\" data-element_type=\"widget\" data-e-type=\"widget\" data-widget_type=\"text-editor.default\">\n\t\t\t\t<div class=\"elementor-widget-container\">\n\t\t\t\t\t\t\t\t\tLogiterra O\u00dc veebilehed kasutavad k\u00fcpsiseid (tuntud ka kui HTTP-k\u00fcpsised). K\u00fcpsis on v\u00e4ike tekstiline andmeplokk teie veebilehitsejas, mille veebisait saadab teie arvutis asuvasse k\u00fcpsistefaili.\t\t\t\t\t\t\t\t<\/div>\n\t\t\t\t<\/div>\n\t\t\t\t<div class=\"elementor-element elementor-element-4db25a6 elementor-widget elementor-widget-heading\" data-id=\"4db25a6\" data-element_type=\"widget\" data-e-type=\"widget\" data-widget_type=\"heading.default\">\n\t\t\t\t<div class=\"elementor-widget-container\">\n\t\t\t\t\t<h3 class=\"elementor-heading-title elementor-size-default\">K\u00fcpsiste t\u00fc\u00fcbid:<\/h3>\t\t\t\t<\/div>\n\t\t\t\t<\/div>\n\t\t\t\t<div class=\"elementor-element elementor-element-0950681 elementor-widget elementor-widget-text-editor\" data-id=\"0950681\" data-element_type=\"widget\" data-e-type=\"widget\" data-widget_type=\"text-editor.default\">\n\t\t\t\t<div class=\"elementor-widget-container\">\n\t\t\t\t\t\t\t\t\t<ol><li><strong>P\u00fcsik\u00fcpsised<\/strong> \u2014 j\u00e4\u00e4vad teie arvutisse p\u00fcsivalt k\u00fcpsiste faili. Neid v\u00f5ib kasutada n\u00e4iteks selleks, et teid kui korduvat k\u00fclastajat veebilehel \u00e4ra tunda ja kohandada veebilehe sisu teie vajadustele v\u00f5i koguda statistilisi andmeid.<\/li><li><strong>Seansik\u00fcpsised<\/strong> \u2014 on ajutised ja kaovad, kui te lahkute veebilehelt v\u00f5i sulgete oma brauseri. Seansik\u00fcpsiseid v\u00f5idakse kasutada selleks, et v\u00f5imaldada veebisaidi teatud funktsioone, n\u00e4iteks teenuste v\u00f5i kaupade taotlusi, pangatehinguid jne<\/li><\/ol>\t\t\t\t\t\t\t\t<\/div>\n\t\t\t\t<\/div>\n\t\t\t\t<div class=\"elementor-element elementor-element-3a54808 elementor-widget elementor-widget-heading\" data-id=\"3a54808\" data-element_type=\"widget\" data-e-type=\"widget\" data-widget_type=\"heading.default\">\n\t\t\t\t<div class=\"elementor-widget-container\">\n\t\t\t\t\t<h3 class=\"elementor-heading-title elementor-size-default\">K\u00fcpsiste kasutamine:<\/h3>\t\t\t\t<\/div>\n\t\t\t\t<\/div>\n\t\t\t\t<div class=\"elementor-element elementor-element-916eeba elementor-widget elementor-widget-text-editor\" data-id=\"916eeba\" data-element_type=\"widget\" data-e-type=\"widget\" data-widget_type=\"text-editor.default\">\n\t\t\t\t<div class=\"elementor-widget-container\">\n\t\t\t\t\t\t\t\t\tMeie veebisaitidel kasutatakse k\u00fcpsiseid, et pakkuda paremat kasutajakogemust. Need v\u00f5imaldavad meie veebiserveritel teid \u00e4ra tunda ja kohandada sisu automaatselt teie vajadustele, kui k\u00fclastate veebilehte. K\u00fcpsiste kasutamine lihtsustab meie kasutajate vajaduste \u00e4ratundmist. Need annavad meile statistikat meie kasutajate kohta, et me saaksime m\u00f5\u00f5ta ja parandada meie veebisaidi toimimist.\t\t\t\t\t\t\t\t<\/div>\n\t\t\t\t<\/div>\n\t\t\t\t<div class=\"elementor-element elementor-element-3ffe782 elementor-widget elementor-widget-heading\" data-id=\"3ffe782\" data-element_type=\"widget\" data-e-type=\"widget\" data-widget_type=\"heading.default\">\n\t\t\t\t<div class=\"elementor-widget-container\">\n\t\t\t\t\t<h3 class=\"elementor-heading-title elementor-size-default\">K\u00fcpsiste allikad:<\/h3>\t\t\t\t<\/div>\n\t\t\t\t<\/div>\n\t\t\t\t<div class=\"elementor-element elementor-element-f818966 elementor-widget elementor-widget-text-editor\" data-id=\"f818966\" data-element_type=\"widget\" data-e-type=\"widget\" data-widget_type=\"text-editor.default\">\n\t\t\t\t<div class=\"elementor-widget-container\">\n\t\t\t\t\t\t\t\t\tMeie k\u00fcpsised v\u00f5ivad olla loodud erinevate teenusepakkujate poolt, kes aitavad meil parandada meie veebiteenuseid. Nende teenusepakkujate hulka kuuluvad n\u00e4iteks Google, Facebook ja Eesti Meedia AS.\t\t\t\t\t\t\t\t<\/div>\n\t\t\t\t<\/div>\n\t\t\t\t<div class=\"elementor-element elementor-element-0635e2d elementor-widget elementor-widget-heading\" data-id=\"0635e2d\" data-element_type=\"widget\" data-e-type=\"widget\" data-widget_type=\"heading.default\">\n\t\t\t\t<div class=\"elementor-widget-container\">\n\t\t\t\t\t<h3 class=\"elementor-heading-title elementor-size-default\">N\u00f5usolek k\u00fcpsiste kasutamiseks:<\/h3>\t\t\t\t<\/div>\n\t\t\t\t<\/div>\n\t\t\t\t<div class=\"elementor-element elementor-element-dc5dbe9 elementor-widget elementor-widget-text-editor\" data-id=\"dc5dbe9\" data-element_type=\"widget\" data-e-type=\"widget\" data-widget_type=\"text-editor.default\">\n\t\t\t\t<div class=\"elementor-widget-container\">\n\t\t\t\t\t\t\t\t\tMeie veebilehtede kasutajad peavad k\u00fcpsiste kasutamisega n\u00f5ustunuks, kui nende brauserid on k\u00fcpsiste lubamiseks seadistatud. Kui te ei n\u00f5ustu k\u00fcpsiste kasutamisega, v\u00f5ivad meie veebisaidi teatud funktsioonid ja teenused olla piiratud.\t\t\t\t\t\t\t\t<\/div>\n\t\t\t\t<\/div>\n\t\t\t\t<div class=\"elementor-element elementor-element-b665d1c elementor-widget elementor-widget-heading\" data-id=\"b665d1c\" data-element_type=\"widget\" data-e-type=\"widget\" data-widget_type=\"heading.default\">\n\t\t\t\t<div class=\"elementor-widget-container\">\n\t\t\t\t\t<h3 class=\"elementor-heading-title elementor-size-default\">K\u00fcpsiste haldamine:<\/h3>\t\t\t\t<\/div>\n\t\t\t\t<\/div>\n\t\t\t\t<div class=\"elementor-element elementor-element-67a76bf elementor-widget elementor-widget-text-editor\" data-id=\"67a76bf\" data-element_type=\"widget\" data-e-type=\"widget\" data-widget_type=\"text-editor.default\">\n\t\t\t\t<div class=\"elementor-widget-container\">\n\t\t\t\t\t\t\t\t\tTeie v\u00f5ite alati ise otsustada, kas lubada k\u00fcpsiseid oma brauseris. Kui te ei soovi k\u00fcpsiseid kasutada, saate oma brauseri seadistada nii, et see automaatselt blokeerib k\u00fcpsised v\u00f5i teavitab teid iga kord, kui veebileht taotleb k\u00fcpsiste lisamise luba. Vajaduste kohaste seadistuste m\u00e4\u00e4ramiseks palun vaadake oma brauseri abifunktsiooni.\t\t\t\t\t\t\t\t<\/div>\n\t\t\t\t<\/div>\n\t\t\t\t<div class=\"elementor-element elementor-element-e04e081 elementor-widget elementor-widget-heading\" data-id=\"e04e081\" data-element_type=\"widget\" data-e-type=\"widget\" data-widget_type=\"heading.default\">\n\t\t\t\t<div class=\"elementor-widget-container\">\n\t\t\t\t\t<h3 class=\"elementor-heading-title elementor-size-default\">Tingimuste muutmine:<\/h3>\t\t\t\t<\/div>\n\t\t\t\t<\/div>\n\t\t\t\t<div class=\"elementor-element elementor-element-78d9b20 elementor-widget elementor-widget-text-editor\" data-id=\"78d9b20\" data-element_type=\"widget\" data-e-type=\"widget\" data-widget_type=\"text-editor.default\">\n\t\t\t\t<div class=\"elementor-widget-container\">\n\t\t\t\t\t\t\t\t\tNeed tingimused v\u00f5ivad aeg-ajalt muutuda ilma eelneva ette teatamiseta, et tagada nende vastavus seadustele ja\/v\u00f5i \u00fcldtunnustatud praktikatele seoses k\u00fcpsiste kasutamisega.\t\t\t\t\t\t\t\t<\/div>\n\t\t\t\t<\/div>\n\t\t\t\t\t<\/div>\n\t\t<\/div>\n\t\t\t\t\t<\/div>\n\t\t<\/section>\n\t\t\t\t<\/div>\n\t\t","protected":false},"excerpt":{"rendered":"<p>K\u00fcpsised. Logiterra O\u00dc veebilehed kasutavad k\u00fcpsiseid (tuntud ka kui HTTP-k\u00fcpsised). K\u00fcpsis on v\u00e4ike tekstiline andmeplokk teie veebilehitsejas, mille veebisait saadab teie arvutis asuvasse k\u00fcpsistefaili. K\u00fcpsiste t\u00fc\u00fcbid: P\u00fcsik\u00fcpsised \u2014 j\u00e4\u00e4vad teie arvutisse p\u00fcsivalt k\u00fcpsiste faili. Neid v\u00f5ib kasutada n\u00e4iteks selleks, et teid kui korduvat k\u00fclastajat veebilehel \u00e4ra tunda ja kohandada veebilehe sisu teie vajadustele v\u00f5i koguda [&hellip;]<\/p>\n","protected":false},"author":2,"featured_media":0,"parent":0,"menu_order":0,"comment_status":"closed","ping_status":"closed","template":"","meta":{"footnotes":""},"class_list":["post-3626","page","type-page","status-publish","hentry"],"_links":{"self":[{"href":"https:\/\/logiterra.eu\/et\/wp-json\/wp\/v2\/pages\/3626","targetHints":{"allow":["GET"]}}],"collection":[{"href":"https:\/\/logiterra.eu\/et\/wp-json\/wp\/v2\/pages"}],"about":[{"href":"https:\/\/logiterra.eu\/et\/wp-json\/wp\/v2\/types\/page"}],"author":[{"embeddable":true,"href":"https:\/\/logiterra.eu\/et\/wp-json\/wp\/v2\/users\/2"}],"replies":[{"embeddable":true,"href":"https:\/\/logiterra.eu\/et\/wp-json\/wp\/v2\/comments?post=3626"}],"version-history":[{"count":4,"href":"https:\/\/logiterra.eu\/et\/wp-json\/wp\/v2\/pages\/3626\/revisions"}],"predecessor-version":[{"id":3630,"href":"https:\/\/logiterra.eu\/et\/wp-json\/wp\/v2\/pages\/3626\/revisions\/3630"}],"wp:attachment":[{"href":"https:\/\/logiterra.eu\/et\/wp-json\/wp\/v2\/media?parent=3626"}],"curies":[{"name":"wp","href":"https:\/\/api.w.org\/{rel}","templated":true}]}}